{"id":71,"date":"2020-05-24T20:00:59","date_gmt":"2020-05-24T20:00:59","guid":{"rendered":"https:\/\/finanzombudsstelleschweiz.ch\/?page_id=71"},"modified":"2024-04-08T15:59:33","modified_gmt":"2024-04-08T15:59:33","slug":"ombudsstelle-finanzdienstleister-fidleg","status":"publish","type":"page","link":"https:\/\/finanzombudsstelleschweiz.ch\/en\/","title":{"rendered":"Landing Page Ombudsstelle Finanzdienstleister"},"content":{"rendered":"<div data-elementor-type=\"wp-page\" data-elementor-id=\"71\" class=\"elementor elementor-71\">\n\t\t\t\t\t\t<section class=\"elementor-section elementor-top-section elementor-element elementor-element-1a6a1e6 elementor-section-boxed elementor-section-height-default elementor-section-height-default\" data-id=\"1a6a1e6\" data-element_type=\"section\" data-e-type=\"section\" data-settings=\"{&quot;background_background&quot;:&quot;classic&quot;}\">\n\t\t\t\t\t\t<div class=\"elementor-container elementor-column-gap-default\">\n\t\t\t\t\t<div class=\"elementor-column elementor-col-100 elementor-top-column elementor-element elementor-element-8024546\" data-id=\"8024546\" data-element_type=\"column\" data-e-type=\"column\">\n\t\t\t<div class=\"elementor-widget-wrap elementor-element-populated\">\n\t\t\t\t\t\t<div class=\"elementor-element elementor-element-d70350f elementor-invisible elementor-widget elementor-widget-image\" data-id=\"d70350f\" data-element_type=\"widget\" data-e-type=\"widget\" data-settings=\"{&quot;_animation&quot;:&quot;fadeInUp&quot;}\" data-widget_type=\"image.default\">\n\t\t\t\t<div class=\"elementor-widget-container\">\n\t\t\t\t\t\t\t\t\t\t\t\t\t\t\t\t<a href=\"http:\/\/www.finos.ch\">\n\t\t\t\t\t\t\t<img decoding=\"async\" src=\"https:\/\/finanzombudsstelleschweiz.ch\/wp-content\/uploads\/elementor\/thumbs\/MASTER-Logo-p147x7isqkxpbmnln9q63f3zvcq1y6swfi0sp0g1ty.png\" title=\"MASTER Logo\" alt=\"MASTER-Logo\" loading=\"lazy\" \/>\t\t\t\t\t\t\t\t<\/a>\n\t\t\t\t\t\t\t\t\t\t\t\t\t\t\t<\/div>\n\t\t\t\t<\/div>\n\t\t\t\t\t<\/div>\n\t\t<\/div>\n\t\t\t\t\t<\/div>\n\t\t<\/section>\n\t\t\t\t<section class=\"elementor-section elementor-top-section elementor-element elementor-element-7367ad9 elementor-section-boxed elementor-section-height-default elementor-section-height-default\" data-id=\"7367ad9\" data-element_type=\"section\" data-e-type=\"section\" data-settings=\"{&quot;background_background&quot;:&quot;classic&quot;}\">\n\t\t\t\t\t\t<div class=\"elementor-container elementor-column-gap-default\">\n\t\t\t\t\t<div class=\"elementor-column elementor-col-100 elementor-top-column elementor-element elementor-element-b4b5b6f\" data-id=\"b4b5b6f\" data-element_type=\"column\" data-e-type=\"column\">\n\t\t\t<div class=\"elementor-widget-wrap elementor-element-populated\">\n\t\t\t\t\t\t<div class=\"elementor-element elementor-element-0cd77a6 elementor-widget elementor-widget-text-editor\" data-id=\"0cd77a6\" data-element_type=\"widget\" data-e-type=\"widget\" data-widget_type=\"text-editor.default\">\n\t\t\t\t<div class=\"elementor-widget-container\">\n\t\t\t\t\t\t\t\t\t<h4 style=\"text-align: center;\"><span style=\"color: #000000;\">Please visit our website at:<\/span> <a href=\"https:\/\/www.finos.ch\/\"><span style=\"text-decoration: underline;\"><span style=\"color: #0000ff; text-decoration: underline;\">www.finos.ch<\/span><\/span><\/a><\/h4>\t\t\t\t\t\t\t\t<\/div>\n\t\t\t\t<\/div>\n\t\t\t\t<div class=\"elementor-element elementor-element-9fccf53 elementor-icon-list--layout-inline elementor-align-center elementor-list-item-link-full_width elementor-widget elementor-widget-icon-list\" data-id=\"9fccf53\" data-element_type=\"widget\" data-e-type=\"widget\" data-widget_type=\"icon-list.default\">\n\t\t\t\t<div class=\"elementor-widget-container\">\n\t\t\t\t\t\t\t<ul class=\"elementor-icon-list-items elementor-inline-items\">\n\t\t\t\t\t\t\t<li class=\"elementor-icon-list-item elementor-inline-item\">\n\t\t\t\t\t\t\t\t\t\t\t<span class=\"elementor-icon-list-icon\">\n\t\t\t\t\t\t\t<i aria-hidden=\"true\" class=\"fas fa-mail-bulk\"><\/i>\t\t\t\t\t\t<\/span>\n\t\t\t\t\t\t\t\t\t\t<span class=\"elementor-icon-list-text\">info@finos.ch<\/span>\n\t\t\t\t\t\t\t\t\t<\/li>\n\t\t\t\t\t\t\t\t<li class=\"elementor-icon-list-item elementor-inline-item\">\n\t\t\t\t\t\t\t\t\t\t\t<span class=\"elementor-icon-list-icon\">\n\t\t\t\t\t\t\t<i aria-hidden=\"true\" class=\"fas fa-phone-alt\"><\/i>\t\t\t\t\t\t<\/span>\n\t\t\t\t\t\t\t\t\t\t<span class=\"elementor-icon-list-text\">+41 - 44 552 08 00<\/span>\n\t\t\t\t\t\t\t\t\t<\/li>\n\t\t\t\t\t\t\t\t<li class=\"elementor-icon-list-item elementor-inline-item\">\n\t\t\t\t\t\t\t\t\t\t\t<span class=\"elementor-icon-list-icon\">\n\t\t\t\t\t\t\t<i aria-hidden=\"true\" class=\"fas fa-map-marked\"><\/i>\t\t\t\t\t\t<\/span>\n\t\t\t\t\t\t\t\t\t\t<span class=\"elementor-icon-list-text\">Talstrasse 20, 8001 Z\u00fcrich<\/span>\n\t\t\t\t\t\t\t\t\t<\/li>\n\t\t\t\t\t\t<\/ul>\n\t\t\t\t\t\t<\/div>\n\t\t\t\t<\/div>\n\t\t\t\t<div class=\"elementor-element elementor-element-0fadc16 animated-slow elementor-widget elementor-widget-heading\" data-id=\"0fadc16\" data-element_type=\"widget\" data-e-type=\"widget\" data-settings=\"{&quot;_animation&quot;:&quot;none&quot;,&quot;_animation_delay&quot;:200}\" data-widget_type=\"heading.default\">\n\t\t\t\t<div class=\"elementor-widget-container\">\n\t\t\t\t\t<h2 class=\"elementor-heading-title elementor-size-medium\">FINOS has passed the strict test criteria of the Federal Department of Finance FDF and received the official recognition as an ombudsman service for financial service providers by order of 24.6.2020!<\/h2>\t\t\t\t<\/div>\n\t\t\t\t<\/div>\n\t\t\t\t<div class=\"elementor-element elementor-element-00f618f elementor-widget elementor-widget-text-editor\" data-id=\"00f618f\" data-element_type=\"widget\" data-e-type=\"widget\" data-widget_type=\"text-editor.default\">\n\t\t\t\t<div class=\"elementor-widget-container\">\n\t\t\t\t\t\t\t\t\t<p style=\"text-align: center;\"><strong><a href=\"https:\/\/www.efd.admin.ch\/efd\/de\/home\/das-efd\/ombudstelle-nach-fidleg.html\">Link to the Swiss Federal Department of Finance FDF here!<\/a><\/strong><\/p>\t\t\t\t\t\t\t\t<\/div>\n\t\t\t\t<\/div>\n\t\t\t\t<div class=\"elementor-element elementor-element-589523c elementor-widget elementor-widget-video\" data-id=\"589523c\" data-element_type=\"widget\" data-e-type=\"widget\" data-settings=\"{&quot;youtube_url&quot;:&quot;https:\\\/\\\/youtu.be\\\/-zYxHomXSxs&quot;,&quot;video_type&quot;:&quot;youtube&quot;,&quot;controls&quot;:&quot;yes&quot;}\" data-widget_type=\"video.default\">\n\t\t\t\t<div class=\"elementor-widget-container\">\n\t\t\t\t\t\t\t<div class=\"elementor-wrapper elementor-open-inline\">\n\t\t\t<div class=\"elementor-video\"><\/div>\t\t<\/div>\n\t\t\t\t\t\t<\/div>\n\t\t\t\t<\/div>\n\t\t\t\t\t<\/div>\n\t\t<\/div>\n\t\t\t\t\t<\/div>\n\t\t<\/section>\n\t\t\t\t<section class=\"elementor-section elementor-top-section elementor-element elementor-element-2c1188f elementor-section-boxed elementor-section-height-default elementor-section-height-default\" data-id=\"2c1188f\" data-element_type=\"section\" data-e-type=\"section\">\n\t\t\t\t\t\t<div class=\"elementor-container elementor-column-gap-narrow\">\n\t\t\t\t\t<div class=\"elementor-column elementor-col-100 elementor-top-column elementor-element elementor-element-6344861\" data-id=\"6344861\" data-element_type=\"column\" data-e-type=\"column\">\n\t\t\t<div class=\"elementor-widget-wrap elementor-element-populated\">\n\t\t\t\t\t\t<div class=\"elementor-element elementor-element-b5813de elementor-widget elementor-widget-text-editor\" data-id=\"b5813de\" data-element_type=\"widget\" data-e-type=\"widget\" data-widget_type=\"text-editor.default\">\n\t\t\t\t<div class=\"elementor-widget-container\">\n\t\t\t\t\t\t\t\t\t<p style=\"text-align: center;\">The task of our non-profit ombudsman for financial service providers according to FinSA is to efficiently conduct mediation procedures between clients and financial service providers as a neutral mediator. As a neutral institution, FINOS strives to find amicable solutions for financial service providers and their clients, thereby avoiding costly disputes in court.<\/p>\t\t\t\t\t\t\t\t<\/div>\n\t\t\t\t<\/div>\n\t\t\t\t\t<\/div>\n\t\t<\/div>\n\t\t\t\t\t<\/div>\n\t\t<\/section>\n\t\t\t\t<section class=\"elementor-section elementor-top-section elementor-element elementor-element-28b1c0b elementor-section-boxed elementor-section-height-default elementor-section-height-default\" data-id=\"28b1c0b\" data-element_type=\"section\" data-e-type=\"section\" data-settings=\"{&quot;background_background&quot;:&quot;classic&quot;}\">\n\t\t\t\t\t\t<div class=\"elementor-container elementor-column-gap-default\">\n\t\t\t\t\t<div class=\"elementor-column elementor-col-100 elementor-top-column elementor-element elementor-element-968703b\" data-id=\"968703b\" data-element_type=\"column\" data-e-type=\"column\">\n\t\t\t<div class=\"elementor-widget-wrap elementor-element-populated\">\n\t\t\t\t\t\t<div class=\"elementor-element elementor-element-c783711 elementor-widget elementor-widget-heading\" data-id=\"c783711\" data-element_type=\"widget\" data-e-type=\"widget\" data-widget_type=\"heading.default\">\n\t\t\t\t<div class=\"elementor-widget-container\">\n\t\t\t\t\t<h1 class=\"elementor-heading-title elementor-size-medium\">Ombudsman FINOS according to FinSA for financial service providers in Switzerland and abroad<\/h1>\t\t\t\t<\/div>\n\t\t\t\t<\/div>\n\t\t\t\t\t<\/div>\n\t\t<\/div>\n\t\t\t\t\t<\/div>\n\t\t<\/section>\n\t\t\t\t<\/div>","protected":false},"excerpt":{"rendered":"<p>Bitte besuchen Sie unsere Website unter: www.finos.ch info@finos.ch +41 &#8211; 44 552 08 00 Talstrasse 20, 8001 Z\u00fcrich Die \u201eFinanzombudsstelle Schweiz (FINOS)\u201c hat die strengen Pr\u00fcfkriterien des Eidgen\u00f6ssischen Finanzdepartements EFD bestanden und per Verf\u00fcgung vom 24.6.2020 die offizielle Anerkennung als Ombudsstelle f\u00fcr Finanzdienstleister erhalten! Link zum Eidgen\u00f6ssischen Finanzdepartement EFD hier! https:\/\/youtu.be\/-zYxHomXSxs Die Aufgabe unserer gemeinn\u00fctzigen [&hellip;]<\/p>\n","protected":false},"author":2,"featured_media":0,"parent":0,"menu_order":0,"comment_status":"closed","ping_status":"closed","template":"elementor_canvas","meta":{"footnotes":""},"class_list":["post-71","page","type-page","status-publish","hentry"],"yoast_head":"<!-- This site is optimized with the Yoast SEO plugin v27.4 - https:\/\/yoast.com\/product\/yoast-seo-wordpress\/ -->\n<title>FINOS - Ombudsstelle f\u00fcr Finanzdienstleister nach FIDLEG<\/title>\n<meta name=\"description\" content=\"Unsere Ombudsstelle befasst sich mit Fragen und Beschwerden von Kunden der bei uns angeschlossenen Finanzdienstleister. Als neutrales Institut sind wir dabei bestrebt, im Rahmen von Schlichtungsverfahren einvernehmliche L\u00f6sungen f\u00fcr alle Parteien zu erarbeiten und dadurch kostspielige, gerichtliche Streitigkeiten zu vermeiden.\" \/>\n<meta name=\"robots\" content=\"index, follow, max-snippet:-1, max-image-preview:large, max-video-preview:-1\" \/>\n<link rel=\"canonical\" href=\"https:\/\/finanzombudsstelleschweiz.ch\/en\/\" \/>\n<meta property=\"og:locale\" content=\"en_GB\" \/>\n<meta property=\"og:type\" content=\"article\" \/>\n<meta property=\"og:title\" content=\"FINOS - Ombudsstelle f\u00fcr Finanzdienstleister nach FIDLEG\" \/>\n<meta property=\"og:description\" content=\"Unsere Ombudsstelle befasst sich mit Fragen und Beschwerden von Kunden der bei uns angeschlossenen Finanzdienstleister. Als neutrales Institut sind wir dabei bestrebt, im Rahmen von Schlichtungsverfahren einvernehmliche L\u00f6sungen f\u00fcr alle Parteien zu erarbeiten und dadurch kostspielige, gerichtliche Streitigkeiten zu vermeiden.\" \/>\n<meta property=\"og:url\" content=\"https:\/\/finanzombudsstelleschweiz.ch\/en\/\" \/>\n<meta property=\"og:site_name\" content=\"Ombudsstelle FINOS f\u00fcr Finanzdienstleister\" \/>\n<meta property=\"article:modified_time\" content=\"2024-04-08T15:59:33+00:00\" \/>\n<meta property=\"og:image\" content=\"https:\/\/finanzombudsstelleschweiz.ch\/wp-content\/uploads\/elementor\/thumbs\/MASTER-Logo-p147x7isqkxpbmnln9q63f3zvcq1y6swfi0sp0g1ty.png\" \/>\n<meta name=\"twitter:card\" content=\"summary_large_image\" \/>\n<meta name=\"twitter:label1\" content=\"Estimated reading time\" \/>\n\t<meta name=\"twitter:data1\" content=\"1 minute\" \/>\n<script type=\"application\/ld+json\" class=\"yoast-schema-graph\">{\"@context\":\"https:\\\/\\\/schema.org\",\"@graph\":[{\"@type\":\"WebPage\",\"@id\":\"https:\\\/\\\/finanzombudsstelleschweiz.ch\\\/\",\"url\":\"https:\\\/\\\/finanzombudsstelleschweiz.ch\\\/\",\"name\":\"FINOS - Ombudsstelle f\u00fcr Finanzdienstleister nach FIDLEG\",\"isPartOf\":{\"@id\":\"https:\\\/\\\/finanzombudsstelleschweiz.ch\\\/#website\"},\"primaryImageOfPage\":{\"@id\":\"https:\\\/\\\/finanzombudsstelleschweiz.ch\\\/#primaryimage\"},\"image\":{\"@id\":\"https:\\\/\\\/finanzombudsstelleschweiz.ch\\\/#primaryimage\"},\"thumbnailUrl\":\"https:\\\/\\\/finanzombudsstelleschweiz.ch\\\/wp-content\\\/uploads\\\/elementor\\\/thumbs\\\/MASTER-Logo-p147x7isqkxpbmnln9q63f3zvcq1y6swfi0sp0g1ty.png\",\"datePublished\":\"2020-05-24T20:00:59+00:00\",\"dateModified\":\"2024-04-08T15:59:33+00:00\",\"description\":\"Unsere Ombudsstelle befasst sich mit Fragen und Beschwerden von Kunden der bei uns angeschlossenen Finanzdienstleister. Als neutrales Institut sind wir dabei bestrebt, im Rahmen von Schlichtungsverfahren einvernehmliche L\u00f6sungen f\u00fcr alle Parteien zu erarbeiten und dadurch kostspielige, gerichtliche Streitigkeiten zu vermeiden.\",\"breadcrumb\":{\"@id\":\"https:\\\/\\\/finanzombudsstelleschweiz.ch\\\/#breadcrumb\"},\"inLanguage\":\"en-GB\",\"potentialAction\":[{\"@type\":\"ReadAction\",\"target\":[\"https:\\\/\\\/finanzombudsstelleschweiz.ch\\\/\"]}]},{\"@type\":\"ImageObject\",\"inLanguage\":\"en-GB\",\"@id\":\"https:\\\/\\\/finanzombudsstelleschweiz.ch\\\/#primaryimage\",\"url\":\"https:\\\/\\\/finanzombudsstelleschweiz.ch\\\/wp-content\\\/uploads\\\/elementor\\\/thumbs\\\/MASTER-Logo-p147x7isqkxpbmnln9q63f3zvcq1y6swfi0sp0g1ty.png\",\"contentUrl\":\"https:\\\/\\\/finanzombudsstelleschweiz.ch\\\/wp-content\\\/uploads\\\/elementor\\\/thumbs\\\/MASTER-Logo-p147x7isqkxpbmnln9q63f3zvcq1y6swfi0sp0g1ty.png\"},{\"@type\":\"BreadcrumbList\",\"@id\":\"https:\\\/\\\/finanzombudsstelleschweiz.ch\\\/#breadcrumb\",\"itemListElement\":[{\"@type\":\"ListItem\",\"position\":1,\"name\":\"Home\",\"item\":\"https:\\\/\\\/finanzombudsstelleschweiz.ch\\\/\"},{\"@type\":\"ListItem\",\"position\":2,\"name\":\"Landing Page Ombudsstelle Finanzdienstleister\"}]},{\"@type\":\"WebSite\",\"@id\":\"https:\\\/\\\/finanzombudsstelleschweiz.ch\\\/#website\",\"url\":\"https:\\\/\\\/finanzombudsstelleschweiz.ch\\\/\",\"name\":\"Ombudsstelle FINOS f\u00fcr Finanzdienstleister\",\"description\":\"Ihre Ombudsstelle nach FIDLEG\",\"publisher\":{\"@id\":\"https:\\\/\\\/finanzombudsstelleschweiz.ch\\\/#organization\"},\"potentialAction\":[{\"@type\":\"SearchAction\",\"target\":{\"@type\":\"EntryPoint\",\"urlTemplate\":\"https:\\\/\\\/finanzombudsstelleschweiz.ch\\\/?s={search_term_string}\"},\"query-input\":{\"@type\":\"PropertyValueSpecification\",\"valueRequired\":true,\"valueName\":\"search_term_string\"}}],\"inLanguage\":\"en-GB\"},{\"@type\":\"Organization\",\"@id\":\"https:\\\/\\\/finanzombudsstelleschweiz.ch\\\/#organization\",\"name\":\"Ombudsstelle FINOS f\u00fcr Finanzdienstleister\",\"url\":\"https:\\\/\\\/finanzombudsstelleschweiz.ch\\\/\",\"logo\":{\"@type\":\"ImageObject\",\"inLanguage\":\"en-GB\",\"@id\":\"https:\\\/\\\/finanzombudsstelleschweiz.ch\\\/#\\\/schema\\\/logo\\\/image\\\/\",\"url\":\"\",\"contentUrl\":\"\",\"caption\":\"Ombudsstelle FINOS f\u00fcr Finanzdienstleister\"},\"image\":{\"@id\":\"https:\\\/\\\/finanzombudsstelleschweiz.ch\\\/#\\\/schema\\\/logo\\\/image\\\/\"}}]}<\/script>\n<!-- \/ Yoast SEO plugin. -->","yoast_head_json":{"title":"FINOS - Ombudsstelle f\u00fcr Finanzdienstleister nach FIDLEG","description":"Unsere Ombudsstelle befasst sich mit Fragen und Beschwerden von Kunden der bei uns angeschlossenen Finanzdienstleister. Als neutrales Institut sind wir dabei bestrebt, im Rahmen von Schlichtungsverfahren einvernehmliche L\u00f6sungen f\u00fcr alle Parteien zu erarbeiten und dadurch kostspielige, gerichtliche Streitigkeiten zu vermeiden.","robots":{"index":"index","follow":"follow","max-snippet":"max-snippet:-1","max-image-preview":"max-image-preview:large","max-video-preview":"max-video-preview:-1"},"canonical":"https:\/\/finanzombudsstelleschweiz.ch\/en\/","og_locale":"en_GB","og_type":"article","og_title":"FINOS - Ombudsstelle f\u00fcr Finanzdienstleister nach FIDLEG","og_description":"Unsere Ombudsstelle befasst sich mit Fragen und Beschwerden von Kunden der bei uns angeschlossenen Finanzdienstleister. Als neutrales Institut sind wir dabei bestrebt, im Rahmen von Schlichtungsverfahren einvernehmliche L\u00f6sungen f\u00fcr alle Parteien zu erarbeiten und dadurch kostspielige, gerichtliche Streitigkeiten zu vermeiden.","og_url":"https:\/\/finanzombudsstelleschweiz.ch\/en\/","og_site_name":"Ombudsstelle FINOS f\u00fcr Finanzdienstleister","article_modified_time":"2024-04-08T15:59:33+00:00","og_image":[{"url":"https:\/\/finanzombudsstelleschweiz.ch\/wp-content\/uploads\/elementor\/thumbs\/MASTER-Logo-p147x7isqkxpbmnln9q63f3zvcq1y6swfi0sp0g1ty.png","type":"","width":"","height":""}],"twitter_card":"summary_large_image","twitter_misc":{"Estimated reading time":"1 minute"},"schema":{"@context":"https:\/\/schema.org","@graph":[{"@type":"WebPage","@id":"https:\/\/finanzombudsstelleschweiz.ch\/","url":"https:\/\/finanzombudsstelleschweiz.ch\/","name":"FINOS - Ombudsstelle f\u00fcr Finanzdienstleister nach FIDLEG","isPartOf":{"@id":"https:\/\/finanzombudsstelleschweiz.ch\/#website"},"primaryImageOfPage":{"@id":"https:\/\/finanzombudsstelleschweiz.ch\/#primaryimage"},"image":{"@id":"https:\/\/finanzombudsstelleschweiz.ch\/#primaryimage"},"thumbnailUrl":"https:\/\/finanzombudsstelleschweiz.ch\/wp-content\/uploads\/elementor\/thumbs\/MASTER-Logo-p147x7isqkxpbmnln9q63f3zvcq1y6swfi0sp0g1ty.png","datePublished":"2020-05-24T20:00:59+00:00","dateModified":"2024-04-08T15:59:33+00:00","description":"Unsere Ombudsstelle befasst sich mit Fragen und Beschwerden von Kunden der bei uns angeschlossenen Finanzdienstleister. Als neutrales Institut sind wir dabei bestrebt, im Rahmen von Schlichtungsverfahren einvernehmliche L\u00f6sungen f\u00fcr alle Parteien zu erarbeiten und dadurch kostspielige, gerichtliche Streitigkeiten zu vermeiden.","breadcrumb":{"@id":"https:\/\/finanzombudsstelleschweiz.ch\/#breadcrumb"},"inLanguage":"en-GB","potentialAction":[{"@type":"ReadAction","target":["https:\/\/finanzombudsstelleschweiz.ch\/"]}]},{"@type":"ImageObject","inLanguage":"en-GB","@id":"https:\/\/finanzombudsstelleschweiz.ch\/#primaryimage","url":"https:\/\/finanzombudsstelleschweiz.ch\/wp-content\/uploads\/elementor\/thumbs\/MASTER-Logo-p147x7isqkxpbmnln9q63f3zvcq1y6swfi0sp0g1ty.png","contentUrl":"https:\/\/finanzombudsstelleschweiz.ch\/wp-content\/uploads\/elementor\/thumbs\/MASTER-Logo-p147x7isqkxpbmnln9q63f3zvcq1y6swfi0sp0g1ty.png"},{"@type":"BreadcrumbList","@id":"https:\/\/finanzombudsstelleschweiz.ch\/#breadcrumb","itemListElement":[{"@type":"ListItem","position":1,"name":"Home","item":"https:\/\/finanzombudsstelleschweiz.ch\/"},{"@type":"ListItem","position":2,"name":"Landing Page Ombudsstelle Finanzdienstleister"}]},{"@type":"WebSite","@id":"https:\/\/finanzombudsstelleschweiz.ch\/#website","url":"https:\/\/finanzombudsstelleschweiz.ch\/","name":"Ombudsstelle FINOS f\u00fcr Finanzdienstleister","description":"Ihre Ombudsstelle nach FIDLEG","publisher":{"@id":"https:\/\/finanzombudsstelleschweiz.ch\/#organization"},"potentialAction":[{"@type":"SearchAction","target":{"@type":"EntryPoint","urlTemplate":"https:\/\/finanzombudsstelleschweiz.ch\/?s={search_term_string}"},"query-input":{"@type":"PropertyValueSpecification","valueRequired":true,"valueName":"search_term_string"}}],"inLanguage":"en-GB"},{"@type":"Organization","@id":"https:\/\/finanzombudsstelleschweiz.ch\/#organization","name":"Ombudsstelle FINOS f\u00fcr Finanzdienstleister","url":"https:\/\/finanzombudsstelleschweiz.ch\/","logo":{"@type":"ImageObject","inLanguage":"en-GB","@id":"https:\/\/finanzombudsstelleschweiz.ch\/#\/schema\/logo\/image\/","url":"","contentUrl":"","caption":"Ombudsstelle FINOS f\u00fcr Finanzdienstleister"},"image":{"@id":"https:\/\/finanzombudsstelleschweiz.ch\/#\/schema\/logo\/image\/"}}]}},"_links":{"self":[{"href":"https:\/\/finanzombudsstelleschweiz.ch\/en\/wp-json\/wp\/v2\/pages\/71","targetHints":{"allow":["GET"]}}],"collection":[{"href":"https:\/\/finanzombudsstelleschweiz.ch\/en\/wp-json\/wp\/v2\/pages"}],"about":[{"href":"https:\/\/finanzombudsstelleschweiz.ch\/en\/wp-json\/wp\/v2\/types\/page"}],"author":[{"embeddable":true,"href":"https:\/\/finanzombudsstelleschweiz.ch\/en\/wp-json\/wp\/v2\/users\/2"}],"replies":[{"embeddable":true,"href":"https:\/\/finanzombudsstelleschweiz.ch\/en\/wp-json\/wp\/v2\/comments?post=71"}],"version-history":[{"count":69,"href":"https:\/\/finanzombudsstelleschweiz.ch\/en\/wp-json\/wp\/v2\/pages\/71\/revisions"}],"predecessor-version":[{"id":186,"href":"https:\/\/finanzombudsstelleschweiz.ch\/en\/wp-json\/wp\/v2\/pages\/71\/revisions\/186"}],"wp:attachment":[{"href":"https:\/\/finanzombudsstelleschweiz.ch\/en\/wp-json\/wp\/v2\/media?parent=71"}],"curies":[{"name":"wp","href":"https:\/\/api.w.org\/{rel}","templated":true}]}}